
{"id":11917,"date":"2023-12-05T13:41:07","date_gmt":"2023-12-05T12:41:07","guid":{"rendered":"https:\/\/dk-consulting.fr\/test02\/?post_type=product&#038;p=11917"},"modified":"2023-12-05T13:46:22","modified_gmt":"2023-12-05T12:46:22","slug":"camera-de-surveillance-exterieure-sans-fil","status":"publish","type":"product","link":"https:\/\/dk-consulting.fr\/test02\/produit\/camera-de-surveillance-exterieure-sans-fil\/","title":{"rendered":"Cam\u00e9ra de surveillance ext\u00e9rieure sans fil"},"content":{"rendered":"<section class=\"wpb-content-wrapper\">[vc_row][vc_column][vc_column_text css=\u00a0\u00bb.vc_custom_1701780181243{margin-bottom: 0px !important;}\u00a0\u00bb]1. R\u00e9solution: 3MP, blanc<br \/>\n2. R\u00e9solution du capteur: 1\/2.9 \u2033 SC2006.<br \/>\n3. Objectif: 3.6mm.<br \/>\n4. Angle de vue: 90 \u00b0.<br \/>\n5.Pan-tilt: Tourne Horizontal:350 \u00b0 Vertical:90 \u00b0.<br \/>\n6. Quantit\u00e9 de LED: 4 LED blanches + 4 LED infrarouges.<br \/>\n7. Connexion r\u00e9seau: WIFI, point d&rsquo;acc\u00e8s AP<br \/>\n8. R\u00e9seau: Transmission sans fil WIFI (prend en charge le protocole sans fil IEEE802.11b\/g\/n).<br \/>\n9. Vision nocturne: interrupteur IR-CUT automatique, environ 5-8 m\u00e8tres (cela varie de l&rsquo;environnement).<br \/>\n10. La LED blanche peut \u00eatre t\u00e9l\u00e9command\u00e9e via l&rsquo;application: \u2460Allumer \u2461\u00c9teindre \u2462 Auto (en mode automatique, la lumi\u00e8re infrarouge sera allum\u00e9e apr\u00e8s le passage automatique \u00e0 la vision nocturne automatiquement, il peut d\u00e9tecter intelligemment le corps humain et allumer\/\u00e9teindre la lumi\u00e8re blanche intelligemment).<br \/>\n11.Audio: microphone et haut-parleur int\u00e9gr\u00e9s, prise en charge de l&rsquo;audio bidirectionnel et de la transmission en temps r\u00e9el, norme de compression audio ADPCM, auto-adaptation au flux de code.<br \/>\n12. Alarme: d\u00e9tection de mouvement et alarme vid\u00e9o push.<br \/>\n13. Carte TF (Max 128G); stockage en nuage\/disque en nuage (facultatif).<br \/>\n14. Temp\u00e9rature de fonctionnement:-10 \u2103 ~ + 50 \u2103 Humidit\u00e9 de fonctionnement: \u2264 95% RH.<\/p>\n[\/vc_column_text][\/vc_column][\/vc_row]\n<\/section>","protected":false},"excerpt":{"rendered":"<p>1. R\u00e9solution: 3MP, blanc<br \/>\n2. R\u00e9solution du capteur: 1\/2.9 \u2033 SC2006.<br \/>\n3. Objectif: 3.6mm.<br \/>\n4. Angle de vue: 90 \u00b0.<br \/>\n5.Pan-tilt: Tourne Horizontal:350 \u00b0 Vertical:90 \u00b0.<br \/>\n6. Quantit\u00e9 de LED: 4 LED blanches + 4 LED infrarouges.<br \/>\n7. Connexion r\u00e9seau: WIFI, point d&rsquo;acc\u00e8s AP <\/p>\n","protected":false},"featured_media":11909,"comment_status":"closed","ping_status":"closed","template":"","meta":[],"product_cat":[79],"product_tag":[],"class_list":["post-11917","product","type-product","status-publish","has-post-thumbnail","hentry","product_cat-serrure-connectee","mk-info-sticky"],"_links":{"self":[{"href":"https:\/\/dk-consulting.fr\/test02\/wp-json\/wp\/v2\/product\/11917","targetHints":{"allow":["GET"]}}],"collection":[{"href":"https:\/\/dk-consulting.fr\/test02\/wp-json\/wp\/v2\/product"}],"about":[{"href":"https:\/\/dk-consulting.fr\/test02\/wp-json\/wp\/v2\/types\/product"}],"replies":[{"embeddable":true,"href":"https:\/\/dk-consulting.fr\/test02\/wp-json\/wp\/v2\/comments?post=11917"}],"wp:featuredmedia":[{"embeddable":true,"href":"https:\/\/dk-consulting.fr\/test02\/wp-json\/wp\/v2\/media\/11909"}],"wp:attachment":[{"href":"https:\/\/dk-consulting.fr\/test02\/wp-json\/wp\/v2\/media?parent=11917"}],"wp:term":[{"taxonomy":"product_cat","embeddable":true,"href":"https:\/\/dk-consulting.fr\/test02\/wp-json\/wp\/v2\/product_cat?post=11917"},{"taxonomy":"product_tag","embeddable":true,"href":"https:\/\/dk-consulting.fr\/test02\/wp-json\/wp\/v2\/product_tag?post=11917"}],"curies":[{"name":"wp","href":"https:\/\/api.w.org\/{rel}","templated":true}]}}